{"id":10325,"date":"2023-11-02T13:55:29","date_gmt":"2023-11-02T13:55:29","guid":{"rendered":"https:\/\/vaoas.ch\/?page_id=10325"},"modified":"2025-07-01T19:30:55","modified_gmt":"2025-07-01T19:30:55","slug":"spenden","status":"publish","type":"page","link":"https:\/\/vaoas.ch\/fr\/spenden\/","title":{"rendered":"Spenden"},"content":{"rendered":"<h2 data-start=\"84\" data-end=\"157\">Ensemble pour la m\u00e9decine anthroposophique \u2013 Faites un don !<\/h2>\n<p data-start=\"84\" data-end=\"157\"><strong data-start=\"84\" data-end=\"157\">Au service des patient\u00b7e\u00b7s \u2013 chaque contribution fait la diff\u00e9rence !<\/strong><\/p>\n<p data-start=\"159\" data-end=\"521\">Votre don soutient activement les nombreuses initiatives de l\u2019Association des m\u00e9decins anthroposophiques de Suisse. Gr\u00e2ce \u00e0 votre engagement, nous pouvons continuer \u00e0 renforcer et promouvoir la m\u00e9decine anthroposophique pour le bien de toutes et tous. En nous soutenant, vous contribuez directement au d\u00e9veloppement et \u00e0 l\u2019avenir de la m\u00e9decine anthroposophique.<\/p>\n<p data-start=\"523\" data-end=\"549\"><strong data-start=\"523\" data-end=\"549\">Comment faire un don ?<\/strong><\/p>\n<p data-start=\"551\" data-end=\"735\">Vous pouvez effectuer votre don par virement bancaire, soit en utilisant le bulletin de versement QR ci-joint, soit par un virement classique<\/p>\n<p data-start=\"551\" data-end=\"735\"><a href=\"https:\/\/vaoas.ch\/wp-content\/uploads\/2023\/11\/QR-Einzahlungsschein-Spende.pdf\" target=\"_blank\" rel=\"noopener\">T\u00e9l\u00e9charger le bulletin de versement QR<\/a><\/p>\n<p data-start=\"551\" data-end=\"735\">VAOAS, CH-4144 Arlesheim<br data-start=\"683\" data-end=\"686\" \/>IBAN CH22 0900 0000 4002 9178 4<br data-start=\"717\" data-end=\"720\" \/>BIC POFICHBEXXX<\/p>\n<p data-start=\"737\" data-end=\"862\">Si vous souhaitez que votre don soit affect\u00e9 \u00e0 un projet particulier, n\u2019h\u00e9sitez pas \u00e0 l\u2019indiquer dans le champ \u00ab Remarques \u00bb.<\/p>\n<p data-start=\"864\" data-end=\"908\">Un grand merci pour votre pr\u00e9cieux soutien !<\/p>\n","protected":false},"excerpt":{"rendered":"<p>Ensemble pour la m\u00e9decine anthroposophique \u2013 Faites un don ! Au service des patient\u00b7e\u00b7s \u2013 chaque contribution fait la diff\u00e9rence ! Votre don soutient activement les nombreuses initiatives de l\u2019Association des m\u00e9decins anthroposophiques de Suisse. Gr\u00e2ce \u00e0 votre engagement, nous pouvons continuer \u00e0 renforcer et promouvoir la m\u00e9decine anthroposophique pour le bien de toutes et [&hellip;]<\/p>\n","protected":false},"author":1,"featured_media":0,"parent":0,"menu_order":0,"comment_status":"closed","ping_status":"closed","template":"page-templates\/page-spenden.php","meta":{"_acf_changed":false,"footnotes":""},"class_list":["post-10325","page","type-page","status-publish","hentry"],"acf":[],"_links":{"self":[{"href":"https:\/\/vaoas.ch\/fr\/wp-json\/wp\/v2\/pages\/10325","targetHints":{"allow":["GET"]}}],"collection":[{"href":"https:\/\/vaoas.ch\/fr\/wp-json\/wp\/v2\/pages"}],"about":[{"href":"https:\/\/vaoas.ch\/fr\/wp-json\/wp\/v2\/types\/page"}],"author":[{"embeddable":true,"href":"https:\/\/vaoas.ch\/fr\/wp-json\/wp\/v2\/users\/1"}],"replies":[{"embeddable":true,"href":"https:\/\/vaoas.ch\/fr\/wp-json\/wp\/v2\/comments?post=10325"}],"version-history":[{"count":11,"href":"https:\/\/vaoas.ch\/fr\/wp-json\/wp\/v2\/pages\/10325\/revisions"}],"predecessor-version":[{"id":11533,"href":"https:\/\/vaoas.ch\/fr\/wp-json\/wp\/v2\/pages\/10325\/revisions\/11533"}],"wp:attachment":[{"href":"https:\/\/vaoas.ch\/fr\/wp-json\/wp\/v2\/media?parent=10325"}],"curies":[{"name":"wp","href":"https:\/\/api.w.org\/{rel}","templated":true}]}}