{"id":2784,"date":"2018-09-20T09:38:23","date_gmt":"2018-09-20T09:38:23","guid":{"rendered":"https:\/\/vaoas.ch\/aktuell\/"},"modified":"2020-03-02T12:04:27","modified_gmt":"2020-03-02T12:04:27","slug":"aktuell","status":"publish","type":"page","link":"https:\/\/vaoas.ch\/fr\/aktuell\/","title":{"rendered":"Actualit\u00e9s"},"content":{"rendered":"<div class=\"container no-gutters\"><div class=\"sortable-main-wrapper\"id=\"sortable-ajax-load\" data-post_type=\"ew-news\" data-taxonomy=\"ew-news-category\" data-posts_per_page=\"-1\" data-pagination=\"numbers\" data-show_filters=\"1\" data-layout=\"list\" data-item_layout=\"row\" data-page=\"1\" data-term=\"actualites,archive,\" data-page_slug=\"\" ><div class=\"preloader hidden\"><\/div><div class=\"row\">\n    <div class=\"col-lg-12\">\n        <div class=\"category\" id=\"isotop-filters\">\n<!--            <button class=\"category_link nav-item --><!--\" data-term=\"--><!--\" data-filter=\"*\">Alle<\/button>-->\n                                <button class=\"category_link nav-item \" data-term=\"actualites\" data-filter=\".term-actualites\">\n                        Actualit\u00e9s                    <\/button>\n                                <button class=\"category_link nav-item \" data-term=\"archive\" data-filter=\".term-archive\">\n                        Archive                    <\/button>\n                    <\/div>\n    <\/div>\n<\/div>\n\n<div class=\"isotope-grid\">\n    <article class=\"element-item row term-actualites\">\n                <div class=\"col-lg-4 col-md-5 new_event_item\">\n                <div class=\"col_left_wrap new_text\">\n                                                                <p style=\"margin-bottom: 15px;\">30.06.2025<\/p>\n                                                            <h4>D\u00e9cision actuelle concernant la m\u00e9decine compl\u00e9mentaire \u00e0 Berne<\/h4>                    <p>Le Conseil des \u00c9tats rejette la motion Nantermod \u2013 la m\u00e9decine compl\u00e9mentaire pratiqu\u00e9e par des m\u00e9decins reste dans l\u2019assurance de base Le 12 juin 2025, le Conseil des \u00c9tats a rejet\u00e9 sans d\u00e9bat la motion Nantermod, qui demandait une obligation de choix sp\u00e9cifique pour les prestations m\u00e9dicales de la m\u00e9decine compl\u00e9mentaire dans l\u2019assurance de base. [&hellip;]<\/p>\n                <\/div>\n            <\/div>\n            <div class=\"col-lg-7 col-lg-offset-1 col-md-7 new_event_item\">\n                <div class=\"new_wrap\">\n                    <img loading=\"lazy\" decoding=\"async\" width=\"479\" height=\"168\" src=\"https:\/\/vaoas.ch\/wp-content\/uploads\/2021\/12\/Actualite-politique.png\" class=\"attachment-post-thumbnail size-post-thumbnail wp-post-image\" alt=\"\" srcset=\"https:\/\/vaoas.ch\/wp-content\/uploads\/2021\/12\/Actualite-politique.png 479w, https:\/\/vaoas.ch\/wp-content\/uploads\/2021\/12\/Actualite-politique-300x105.png 300w\" sizes=\"auto, (max-width: 639px) 98vw, (max-width: 1199px) 64vw, 479px\" \/>                                        <div class=\"caption_img\">\n                        <p class=\"paragraph_front\"><\/p>\n                    <\/div>\n                <\/div>\n            <\/div>\n            <div class=\"col-lg-4 col-md-5\">\n                <div class=\"btn_link_wrap\">\n                    <a href=\"https:\/\/vaoas.ch\/fr\/news\/decision-actuelle-concernant-la-medecine-complementaire-a-berne\/\" class=\"btn_link\">\n                        Pour en savoir plus                    <\/a><!--Mehr erfahren-->\n                <\/div>\n            <\/div>\n        \n\n<\/article>\n    <\/div>\n\n<!--\n    <div class=\"row\">\n        <ul class=\"col-lg-12 pagination\" role=\"navigation\" aria-label=\"Pagination\">\n                       <li class=\"ellipsis\" aria-hidden=\"true\"><\/li>\n        <\/ul>\n    <\/div> pagination -->\n\n<\/div><\/div>\n","protected":false},"excerpt":{"rendered":"","protected":false},"author":1,"featured_media":0,"parent":0,"menu_order":0,"comment_status":"closed","ping_status":"closed","template":"","meta":{"_acf_changed":false,"footnotes":""},"class_list":["post-2784","page","type-page","status-publish","hentry"],"acf":[],"_links":{"self":[{"href":"https:\/\/vaoas.ch\/fr\/wp-json\/wp\/v2\/pages\/2784","targetHints":{"allow":["GET"]}}],"collection":[{"href":"https:\/\/vaoas.ch\/fr\/wp-json\/wp\/v2\/pages"}],"about":[{"href":"https:\/\/vaoas.ch\/fr\/wp-json\/wp\/v2\/types\/page"}],"author":[{"embeddable":true,"href":"https:\/\/vaoas.ch\/fr\/wp-json\/wp\/v2\/users\/1"}],"replies":[{"embeddable":true,"href":"https:\/\/vaoas.ch\/fr\/wp-json\/wp\/v2\/comments?post=2784"}],"version-history":[{"count":1,"href":"https:\/\/vaoas.ch\/fr\/wp-json\/wp\/v2\/pages\/2784\/revisions"}],"predecessor-version":[{"id":2857,"href":"https:\/\/vaoas.ch\/fr\/wp-json\/wp\/v2\/pages\/2784\/revisions\/2857"}],"wp:attachment":[{"href":"https:\/\/vaoas.ch\/fr\/wp-json\/wp\/v2\/media?parent=2784"}],"curies":[{"name":"wp","href":"https:\/\/api.w.org\/{rel}","templated":true}]}}