{"id":2786,"date":"2018-10-01T14:21:17","date_gmt":"2018-10-01T14:21:17","guid":{"rendered":"https:\/\/vaoas.ch\/arzt-arztin-finden\/"},"modified":"2020-03-24T14:28:32","modified_gmt":"2020-03-24T14:28:32","slug":"trouver-un-medecin","status":"publish","type":"page","link":"https:\/\/vaoas.ch\/fr\/trouver-un-medecin\/","title":{"rendered":"Trouver un m\u00e9decin"},"content":{"rendered":"<div id=\"table-dynamic-sort\"><div class=\"container main_table\" :posts_per_page=\"9\"><div class=\"row table_scroll\"><div class=\"preloader hidden\"><\/div><div class=\"col-lg-12 table_wrap thead\">\n    <div class=\"table_head\">\n        <div class=\"col-2 table_title\">\n            <h5>\n                Titre\n                <i @click=\"sort('member_position')\"><\/i>\n            <\/h5>\n<!--            <input v-model=\"search_member_position\" type=\"text\" placeholder=\"--><!--\">-->\n        <\/div>\n        <div class=\"col-2\">\n            <h5>\n                Pr\u00e9nom                <i @click=\"sort('first_name')\"><\/i>\n            <\/h5>\n<!--            <input v-model=\"search_first_name\" type=\"text\" placeholder=\"--><!--\">-->\n        <\/div>\n        <div class=\"col-2\">\n            <h5>\n                Nom                <i @click=\"sort('last_name')\"><\/i>\n            <\/h5>\n<!--            <input v-model=\"search_last_name\" type=\"text\" placeholder=\"--><!--\">-->\n        <\/div>\n        <div class=\"col-2\">\n            <h5 style=\"white-space: nowrap;\">\n                Sp\u00e9cialisation                <i @click=\"sort('subject_area')\"><\/i>\n            <\/h5>\n            <select v-model=\"search_subject_area\" @change=\"resetPage()\">\n                <option value=\"\">\n                    Tout                <\/option>\n                                <option value=\"Anesth\u00e9sie\">Anesth\u00e9sie<\/option>\n                                <option value=\"Cardiologie\">Cardiologie<\/option>\n                                <option value=\"Dermatologie et v\u00e9n\u00e9rologie\">Dermatologie et v\u00e9n\u00e9rologie<\/option>\n                                <option value=\"Gastroent\u00e9rologie\">Gastroent\u00e9rologie<\/option>\n                                <option value=\"G\u00e9riatrie\">G\u00e9riatrie<\/option>\n                                <option value=\"Gyn\u00e9cologie et obst\u00e9trique\">Gyn\u00e9cologie et obst\u00e9trique<\/option>\n                                <option value=\"H\u00e9matologie\">H\u00e9matologie<\/option>\n                                <option value=\"M\u00e9dicin\">M\u00e9dicin<\/option>\n                                <option value=\"M\u00e9decine dentaire\">M\u00e9decine dentaire<\/option>\n                                <option value=\"M\u00e9decine interne g\u00e9n\u00e9rale\">M\u00e9decine interne g\u00e9n\u00e9rale<\/option>\n                                <option value=\"M\u00e9decine physique et r\u00e9adaptation\">M\u00e9decine physique et r\u00e9adaptation<\/option>\n                                <option value=\"Neurochirurgie\">Neurochirurgie<\/option>\n                                <option value=\"Neurologie\">Neurologie<\/option>\n                                <option value=\"Omnipracticien \/ Omnipracticienne\">Omnipracticien \/ Omnipracticienne<\/option>\n                                <option value=\"Oncologie\">Oncologie<\/option>\n                                <option value=\"Oto-rhino-laryngologie\">Oto-rhino-laryngologie<\/option>\n                                <option value=\"Ophtalmologie\">Ophtalmologie<\/option>\n                                <option value=\"P\u00e9diatrie (m\u00e9decine de l\u2019enfant et de l\u2019adolescent)\">P\u00e9diatrie (m\u00e9decine de l\u2019enfant et de l\u2019adolescent)<\/option>\n                                <option value=\"P\u00e9dopsychiatrie\">P\u00e9dopsychiatrie<\/option>\n                                <option value=\"Pneumologie\">Pneumologie<\/option>\n                                <option value=\"Psychiatrie et psychoth\u00e9rapie\">Psychiatrie et psychoth\u00e9rapie<\/option>\n                                <option value=\"Rhumatologie\">Rhumatologie<\/option>\n                            <\/select>\n            <!--<input v-model=\"search_subject_area\" type=\"text\" placeholder=\"\">-->\n        <\/div>\n        <div class=\"col-4 sort-locations\">\n            <h5>\n                Lieu                <i  @click=\"sort('location')\"><\/i>\n            <\/h5>\n            <!--<input v-model=\"search_location\" type=\"text\" placeholder=\"\">-->\n\n            <input  type=\"text\" id=\"searchLocationField\" placeholder=\"Lieu\">\n        <\/div>\n        <div class=\"col-2\">\n            <h5>\n                T\u00e9l\u00e9phone                <i  @click=\"sort('telefon_number')\"><\/i>\n            <\/h5>\n<!--            <input v-model=\"search_telefon_number\" type=\"text\" placeholder=\"--><!--\">-->\n        <\/div>\n        <!--<div class=\"col-1\">\n            <h5>\n                 Assistance                <i class=\"icon-down-open-big\" @click=\"sort('patient_enrollment')\"><\/i><\/h5>\n            <div class=\"circles\">\n                <div class=\"circles_item green\" @click=\"enrollmentFilter('free')\"><\/div>-->\n<!--                <div class=\"circles_item orange\" @click=\"enrollmentFilter('almost free')\"><\/div>-->\n               <!-- <div class=\"circles_item red\" @click=\"enrollmentFilter('busy')\"><\/div>\n            <\/div>\n        <\/div>-->\n    <\/div>\n<\/div>\n\n<div class=\"col-lg-12 table_wrap\">\n    <table v-if=\"searchTable.length\" class=\"table_result\">\n        <tr v-for=\"(row, index) in searchTable(page*posts_per_page, page*posts_per_page + posts_per_page)\">\n            <td class=\"table_title\">{{row.member_position}}<\/td>\n            <td>{{row.first_name}}<\/td>\n            <td>{{row.last_name}}<\/td>\n            <td>{{row.subject_area}}<\/td>\n            <td class=\"sort-locations\">\n                <a href=\"#\"\n                   data-dismiss=\"modal\"\n                   data-toggle=\"modal\"\n                   data-target=\"#mapModal\"\n                   @click=\"initMap(row.location_lat, row.location_lng)\">\n                {{row.location}}\n                <\/a><br>\n                <small v-if=\"row.distance\">{{row.distance}}km<\/small>\n            <\/td>\n            <td>{{row.telefon_number}}<\/td>\n            <!--<td class=\"sort-avability\">\n                <div class=\"circles_item\"\n                    :class=\"enrollmentColor(row.patient_enrollment)\"\n                    @click=\"enrollmentFilter(row.patient_enrollment)\">\n\n                <\/div>\n            <\/td>-->\n        <\/tr>\n    <\/table>\n    <p v-else>No data<\/p>\n<\/div>\n\n\n    <div class=\"row\" v-if=\"posts_per_page < showedRows\">\n        <ul class=\"col-lg-12 pagination\" role=\"navigation\" aria-label=\"Pagination\">\n\n            <li :class=\"{current_page: isActive(numPage)}\" v-for=\"numPage in pages\">\n                 <span @click=\"setActive(numPage)\">{{numPage + 1}}<\/span>\n            <\/li>\n\n        <\/ul>\n    <\/div><!-- pagination -->\n\n<div class=\"modal fade\" id=\"mapModal\" tabindex=\"-1\" role=\"dialog\">\n    <div class=\"modal-dialog modal-lg\" role=\"document\">\n        <div id=\"saveForLaterModal\">\n            <div class=\"modal-content text-center\">\n\n                <div class=\"modal-header\">\n                    <button type=\"button\" class=\"close\" data-dismiss=\"modal\" aria-label=\"Close\"><span aria-hidden=\"true\">&times;<\/span><\/button>\n                    \n                        <h3 class=\"modal-title\"> <\/h3>\n                                    <\/div>\n\n\n                <div class=\"modal-body\">\n                                        <div><div class=\"map-wrapper\" id=\"popupMap\"><\/div><\/div>                <\/div>\n                            <\/div>\n        <\/div>\n    <\/div>\n<\/div><\/div><\/div><\/div>\n<h2><\/h2>\n<h2>H\u00f4pitaux<\/h2>\n<div id=\"hospital-dynamic-sort\"><div class=\"container main_table\" :posts_per_page=\"9\"><div class=\"row table_scroll\"><div class=\"preloader hidden\"><\/div><div class=\"col-lg-12 table_wrap\">\n    <div class=\"table_head\">\n        <div class=\"col-4\">\n            <h5>\n                H\u00f4pital                <i class=\"icon-down-open-big\" @click=\"sort('hospital_name')\"><\/i>\n            <\/h5>\n<!--            <input v-model=\"search_hospital_name\" type=\"text\" placeholder=\"--><!--\">-->\n        <\/div>\n        <div class=\"col-4\">\n            <h5>\n                T\u00e9l\u00e9phone                <i class=\"icon-down-open-big\"  @click=\"sort('telefon_number')\"><\/i>\n            <\/h5>\n<!--            <input v-model=\"search_telefon_number\" type=\"text\" placeholder=\"--><!--\">-->\n        <\/div>\n        <div class=\"col-4\">\n            <h5>\n                 Lieu                <i class=\"icon-down-open-big\" @click=\"sort('location')\"><\/i>\n            <\/h5>\n<!--            <input v-model=\"search_location\" type=\"text\" placeholder=\"--><!--\">-->\n        <\/div>\n    <\/div>\n<\/div>\n\n<div class=\"col-lg-12 table_wrap\">\n    <table v-if=\"searchTable.length\"class=\"table_result\">\n        <tr v-for=\"(row, index) in searchTable(page*posts_per_page, page*posts_per_page + posts_per_page)\">\n            <td>{{row.hospital_name}}<\/td>\n            <td>{{row.telefon_number}}<\/td>\n            <td>\n                <a href=\"#\"\n                   data-dismiss=\"modal\"\n                   data-toggle=\"modal\"\n                   data-target=\"#mapModal\"\n                   @click=\"initMap(row.location_lat, row.location_lng)\">\n                {{row.location}}\n                <\/a>\n            <\/td>\n        <\/tr>\n    <\/table>\n    <p v-else>No data<\/p>\n<\/div>\n\n<div class=\"modal fade\" id=\"mapModal\" tabindex=\"-1\" role=\"dialog\">\n    <div class=\"modal-dialog modal-lg\" role=\"document\">\n        <div id=\"saveForLaterModal\">\n            <div class=\"modal-content text-center\">\n\n                <div class=\"modal-header\">\n                    <button type=\"button\" class=\"close\" data-dismiss=\"modal\" aria-label=\"Close\"><span aria-hidden=\"true\">&times;<\/span><\/button>\n                    \n                        <h3 class=\"modal-title\"> <\/h3>\n                                    <\/div>\n\n\n                <div class=\"modal-body\">\n                                        <div><div class=\"map-wrapper\" id=\"popupMap\"><\/div><\/div>                <\/div>\n                            <\/div>\n        <\/div>\n    <\/div>\n<\/div><\/div><\/div><\/div>\n","protected":false},"excerpt":{"rendered":"<p>H\u00f4pitaux<\/p>\n","protected":false},"author":1,"featured_media":0,"parent":0,"menu_order":0,"comment_status":"closed","ping_status":"closed","template":"","meta":{"_acf_changed":false,"footnotes":""},"class_list":["post-2786","page","type-page","status-publish","hentry"],"acf":[],"_links":{"self":[{"href":"https:\/\/vaoas.ch\/fr\/wp-json\/wp\/v2\/pages\/2786","targetHints":{"allow":["GET"]}}],"collection":[{"href":"https:\/\/vaoas.ch\/fr\/wp-json\/wp\/v2\/pages"}],"about":[{"href":"https:\/\/vaoas.ch\/fr\/wp-json\/wp\/v2\/types\/page"}],"author":[{"embeddable":true,"href":"https:\/\/vaoas.ch\/fr\/wp-json\/wp\/v2\/users\/1"}],"replies":[{"embeddable":true,"href":"https:\/\/vaoas.ch\/fr\/wp-json\/wp\/v2\/comments?post=2786"}],"version-history":[{"count":6,"href":"https:\/\/vaoas.ch\/fr\/wp-json\/wp\/v2\/pages\/2786\/revisions"}],"predecessor-version":[{"id":3473,"href":"https:\/\/vaoas.ch\/fr\/wp-json\/wp\/v2\/pages\/2786\/revisions\/3473"}],"wp:attachment":[{"href":"https:\/\/vaoas.ch\/fr\/wp-json\/wp\/v2\/media?parent=2786"}],"curies":[{"name":"wp","href":"https:\/\/api.w.org\/{rel}","templated":true}]}}