{"id":2787,"date":"2018-09-20T09:37:36","date_gmt":"2018-09-20T09:37:36","guid":{"rendered":"https:\/\/vaoas.ch\/ausbildung\/"},"modified":"2025-07-02T06:32:17","modified_gmt":"2025-07-02T06:32:17","slug":"formation","status":"publish","type":"page","link":"https:\/\/vaoas.ch\/fr\/formation\/","title":{"rendered":"Formation"},"content":{"rendered":"<h5>Universit\u00e9<\/h5>\n<p>Les universit\u00e9s ci-apr\u00e8s proposent des cours et des programmes en m\u00e9decine \u00e9largie par l&rsquo;anthroposophie dans le cadre de la fili\u00e8re en m\u00e9decine.<\/p>\n<p><a href=\"http:\/\/www.ikim.unibe.ch\/\" target=\"_blank\" rel=\"noopener noreferrer\">Universit\u00e9 de Berne, IKIM<\/a><br \/>\n<a href=\"https:\/\/medizin.unibas.ch\/de\/fakultaet\/dekanatundleitung\/\" target=\"_blank\" rel=\"noopener noreferrer\">Universit\u00e9 de B\u00e2le (d\u00e9canat)<\/a><\/p>\n<p>Pour les travaux de master et les th\u00e8ses, veuillez prendre contact avec Madame Ursula Wolf, professeur en m\u00e9decine, institut IKIM de l\u2019Universit\u00e9 de Berne<\/p>\n<h5>Formation postgrade et continue<\/h5>\n<section class=\"elementor-section elementor-top-section elementor-element elementor-element-0197d2e elementor-section-boxed elementor-section-height-default lazyloaded\" data-id=\"0197d2e\" data-element_type=\"section\" data-settings=\"{&quot;background_background&quot;:&quot;classic&quot;,&quot;shape_divider_bottom_negative&quot;:&quot;yes&quot;,&quot;shape_divider_bottom&quot;:&quot;triangle-asymmetrical&quot;}\" data-e-bg-lazyload=\"\">\n<div class=\"elementor-container elementor-column-gap-default\">\n<div class=\"elementor-column elementor-col-33 elementor-top-column elementor-element elementor-element-c1447f5\" data-id=\"c1447f5\" data-element_type=\"column\">\n<div class=\"elementor-widget-wrap elementor-element-populated\">\n<div class=\"elementor-element elementor-element-abc123 elementor-widget elementor-widget-heading\" data-id=\"abc123\" data-element_type=\"widget\" data-widget_type=\"heading.default\">\n<div class=\"elementor-widget-container\">\n<p class=\"elementor-heading-title elementor-size-default\"><em>S\u00e9minaire d&rsquo;Introduction \u00e0 la m\u00e9decine anthroposophique SEROMEA (en fran\u00e7ais)\u00a0<\/em> <a href=\"https:\/\/vaoas.ch\/fr\/news\/seromea-vaoas-seminaire-dintroduction-a-la-medecine-anthroposophique\/\">infos et inscription<\/a><\/p>\n<\/div>\n<\/div>\n<div class=\"elementor-element elementor-element-76b21ae elementor-widget elementor-widget-heading\" data-id=\"76b21ae\" data-element_type=\"widget\" data-widget_type=\"heading.default\">\n<div class=\"elementor-widget-container\">\n<p id=\"ep-76b21ae\" class=\"elementor-heading-title elementor-size-default\"><em>Formation de base 2023 &#8211; 2025 en m\u00e9decine anthroposophique\u00a0 AFEDMA <\/em><em>(en fran\u00e7ais) Inscription <a href=\"https:\/\/afedma.fr\/formations-de-base-specifiques\/\" target=\"_blank\" rel=\"noopener\">ici<\/a><\/em><\/p>\n<\/div>\n<\/div>\n<\/div>\n<\/div>\n<\/div>\n<\/section>\n<p><a href=\"https:\/\/www.akademie-arlesheim.ch\/entdecken\" target=\"_blank\" rel=\"noopener\"><em>S<\/em><em>\u00e9minaire d\u2019introduction \u00e0 la m\u00e9de<\/em><em>cine anthroposophique, Arlesheim (<\/em><em>en allemand<\/em><em> et en anglais ) <\/em><\/a><br \/>\n<a href=\"https:\/\/www.aerzteseminar.ch\/\" target=\"_blank\" rel=\"noopener noreferrer\"><em>S\u00e9minaire VAOAS destin\u00e9 aux m\u00e9decins (en allemand)<\/em><\/a><br \/>\n<a style=\"background-color: #fefefe;\" href=\"https:\/\/www.akademie-arlesheim.ch\/\" target=\"_blank\" rel=\"noopener noreferrer\"><em>Formation destin\u00e9e aux m\u00e9decins, Arlesheim \u00a0(en allemand)<\/em><\/a><\/p>\n<h5>Fonds de soutien<\/h5>\n<p>Appui financier destin\u00e9 aux \u00e9tudiants et \u00e9tudiantes en m\u00e9decine et aux m\u00e9decins assistants pour les formations et formations continues et pour les activit\u00e9s de recherche dans le domaine de la m\u00e9decine \u00e9largie par l\u2019anthroposophie.<\/p>\n<p>Le soutien financier individuel des jeunes m\u00e9decins est assur\u00e9 par l&rsquo;<a href=\"https:\/\/www.foerderverein-anthromedizin.ch\/als-aerztin-studentin-gefoerdert-werden\/\" target=\"_blank\" rel=\"noopener\">association de promotion de la m\u00e9decine anthroposophique (FAM)<\/a> de Richterswil.<\/p>\n<h5>H\u00f4pitaux<\/h5>\n<p><a href=\"https:\/\/www.h-fr.ch\/offre-de-soins\/pediatrie\" target=\"_blank\" rel=\"noopener\">H\u00f4pital cantonal de Fribourg, Centre de p\u00e9diatrie int\u00e9grative<\/a><br \/>\n<a href=\"http:\/\/www.klinik-arlesheim.ch\/\" target=\"_blank\" rel=\"noopener noreferrer\">Clinique d\u2019Arlesheim<\/a><br \/>\n<a href=\"https:\/\/www.kssg.ch\/integrative-medizin\" target=\"_blank\" rel=\"noopener noreferrer\">H\u00f4pital cantonal de St-Gall, centre de m\u00e9decine int\u00e9grative<\/a><br \/>\n<a href=\"http:\/\/www.ospidal-scuol.ch\/\" target=\"_blank\" rel=\"noopener noreferrer\">H\u00f4pital de Basse-Engadine, division de m\u00e9decine compl\u00e9mentaire, Scuol<\/a><\/p>\n<h5>Cabinets m\u00e9dicaux<strong><br \/>\n<\/strong><\/h5>\n<p>Pour plus d\u2019informations, consultez notre <a href=\"https:\/\/vaoas.ch\/fr\/trouver-un-medecin\/\" target=\"_blank\" rel=\"noopener noreferrer\">liste de m\u00e9decins<\/a><\/p>\n","protected":false},"excerpt":{"rendered":"<p>Universit\u00e9 Les universit\u00e9s ci-apr\u00e8s proposent des cours et des programmes en m\u00e9decine \u00e9largie par l&rsquo;anthroposophie dans le cadre de la fili\u00e8re en m\u00e9decine. Universit\u00e9 de Berne, IKIM Universit\u00e9 de B\u00e2le (d\u00e9canat) Pour les travaux de master et les th\u00e8ses, veuillez prendre contact avec Madame Ursula Wolf, professeur en m\u00e9decine, institut IKIM de l\u2019Universit\u00e9 de Berne [&hellip;]<\/p>\n","protected":false},"author":1,"featured_media":2789,"parent":0,"menu_order":0,"comment_status":"closed","ping_status":"closed","template":"","meta":{"_acf_changed":false,"footnotes":""},"class_list":["post-2787","page","type-page","status-publish","has-post-thumbnail","hentry"],"acf":[],"_links":{"self":[{"href":"https:\/\/vaoas.ch\/fr\/wp-json\/wp\/v2\/pages\/2787","targetHints":{"allow":["GET"]}}],"collection":[{"href":"https:\/\/vaoas.ch\/fr\/wp-json\/wp\/v2\/pages"}],"about":[{"href":"https:\/\/vaoas.ch\/fr\/wp-json\/wp\/v2\/types\/page"}],"author":[{"embeddable":true,"href":"https:\/\/vaoas.ch\/fr\/wp-json\/wp\/v2\/users\/1"}],"replies":[{"embeddable":true,"href":"https:\/\/vaoas.ch\/fr\/wp-json\/wp\/v2\/comments?post=2787"}],"version-history":[{"count":50,"href":"https:\/\/vaoas.ch\/fr\/wp-json\/wp\/v2\/pages\/2787\/revisions"}],"predecessor-version":[{"id":11557,"href":"https:\/\/vaoas.ch\/fr\/wp-json\/wp\/v2\/pages\/2787\/revisions\/11557"}],"wp:featuredmedia":[{"embeddable":true,"href":"https:\/\/vaoas.ch\/fr\/wp-json\/wp\/v2\/media\/2789"}],"wp:attachment":[{"href":"https:\/\/vaoas.ch\/fr\/wp-json\/wp\/v2\/media?parent=2787"}],"curies":[{"name":"wp","href":"https:\/\/api.w.org\/{rel}","templated":true}]}}