{"id":2792,"date":"2018-09-20T09:37:19","date_gmt":"2018-09-20T09:37:19","guid":{"rendered":"https:\/\/vaoas.ch\/fahigkeitsausweis-2\/"},"modified":"2025-06-30T16:20:22","modified_gmt":"2025-06-30T16:20:22","slug":"fahigkeitsausweis-2-2","status":"publish","type":"page","link":"https:\/\/vaoas.ch\/fr\/fahigkeitsausweis-2-2\/","title":{"rendered":"Attestation de comp\u00e9tence"},"content":{"rendered":"\r\n<h5>Obtenir l\u2019attestation de formation compl\u00e9mentaire<\/h5>\r\n<p>Conditions d\u2019obtention de l\u2019attestation de formation compl\u00e9mentaire selon le programme de formation compl\u00e9mentaire :<\/p>\r\n<ul>\r\n<li>Titre f\u00e9d\u00e9ral de sp\u00e9cialiste ou titre de sp\u00e9cialiste \u00e9tranger reconnu<\/li>\r\n<li>Comp\u00e9tence acquise selon point 3 du programme de formation compl\u00e9mentaire et r\u00e9ussite de l\u2019\u00e9valuation<\/li>\r\n<li>Collaboration au sein d\u2019un groupe de m\u00e9decins pratiquant la m\u00e9decine \u00e9largie par l&rsquo;anthroposophie.<\/li>\r\n<li>Pr\u00e9sentation de la prise en charge th\u00e9rapeutique de deux cas ou pr\u00e9sentation de la prise en charge th\u00e9rapeutique d\u2019un cas et une publication scientifique<\/li>\r\n<li>D\u00e9claration d\u2019ind\u00e9pendance<\/li>\r\n<\/ul>\r\n<p>Pour obtenir une attestation de formation compl\u00e9mentaire, il faut envoyer le formulaire de demande imprim\u00e9, d\u00fbment compl\u00e9t\u00e9 et accompagn\u00e9 des pi\u00e8ces demand\u00e9es au secr\u00e9tariat de la VAOAS. Le dossier doit \u00eatre parvenu au secr\u00e9tariat de la VAOAS dix semaines au plus tard avant l\u2019\u00e9valuation. Le paiement doit aussi avoir \u00e9t\u00e9 effectu\u00e9 dans ce d\u00e9lai. Le nombre de participants aux \u00e9valuations est limit\u00e9. Voici les dates pr\u00e9vues pour l\u2019\u00e9valuation donnant droit \u00e0 l\u2019attestation de formation compl\u00e9mentaire :<\/p>\r\n<p>samedi 22 f\u00e9vrier 2025<\/p>\r\n<p>samedi 12 avril 2025<\/p>\r\n<p>samedi 18 octobre 2025<\/p>\r\n<h5>Recertification<\/h5>\r\n<p><span lang=\"FR-CH\">L\u2019attestation de formation compl\u00e9mentaire est valable durant les trois ann\u00e9es qui suivent sa date d\u2019\u00e9tablissement ou la date de la derni\u00e8re recertification. La recertification de l\u2019attestation de formation compl\u00e9mentaire est examin\u00e9e tous les trois ans simultan\u00e9ment pour tous les d\u00e9tenteurs d\u2019une attestation.<\/span><\/p>\r\n<p><span lang=\"FR-CH\">Pour obtenir la recertification, il faut attester, par une attestation de participation, de 60 heures de formation continue reconnue par la VAOAS et de 30 heures d\u2019\u00e9tude personnelle de la m\u00e9decine anthroposophique en l\u2019espace de trois ans.<\/span><\/p>\r\n<p><span lang=\"FR-CH\">La d\u00e9claration personnelle de formation continue doit \u00eatre envoy\u00e9e au secr\u00e9tariat de la VAOAS au plus tard \u00e0 la fin d&rsquo;une p\u00e9riode de 3 ans en vue de la recertification. Si les conditions sont remplies, un titre officiel attestant de votre recertification vous est envoy\u00e9. Les frais de recertification se montent \u00e0 50 francs pour les membres de la VAOAS et \u00e0 100 francs pour les non membres.<\/span><\/p>\r\n<p><span lang=\"FR-CH\">Pour plus de d\u00e9tails concernant la recertification et les conditions \u00e0 remplir pour l&rsquo;obtenir, veuillez vous r\u00e9f\u00e9rer au chiffre 7 du programme de formation compl\u00e9mentaire.<\/span><\/p>\r\n<h5 data-start=\"0\" data-end=\"360\">Groupes de travail en M\u00e9decine Anthroposophique<\/h5>\r\n<p data-start=\"0\" data-end=\"360\">Conform\u00e9ment au programme de comp\u00e9tences \u00ab M\u00e9decin en m\u00e9decine \u00e9largie par l\u2019anthroposophie \u00bb, la participation \u00e0 un groupe de travail en m\u00e9decine anthroposophique est requise pour l\u2019obtention et la re-certification du certificat de comp\u00e9tences. Un tel groupe de travail doit remplir les conditions suivantes :<\/p>\r\n<ul>\r\n<li data-start=\"364\" data-end=\"415\">Contenu en lien avec la m\u00e9decine anthroposophique<\/li>\r\n<li data-start=\"416\" data-end=\"450\">\r\n<p data-start=\"418\" data-end=\"450\">Au moins deux membres m\u00e9decins<\/p>\r\n<\/li>\r\n<li data-start=\"451\" data-end=\"565\">\r\n<p data-start=\"453\" data-end=\"565\">Au moins un membre titulaire du certificat de comp\u00e9tences \u00ab M\u00e9decin en m\u00e9decine \u00e9largie par l\u2019anthroposophie \u00bb<\/p>\r\n<\/li>\r\n<li data-start=\"566\" data-end=\"603\">\r\n<p data-start=\"568\" data-end=\"603\">Au minimum quatre r\u00e9unions par an<\/p>\r\n<\/li>\r\n<\/ul>\r\n<p data-start=\"605\" data-end=\"943\" data-is-last-node=\"\" data-is-only-node=\"\">Le groupe de travail doit \u00eatre mentionn\u00e9 dans le protocole de formation continue lors de la re-certification du certificat de comp\u00e9tences. L\u2019enregistrement officiel du groupe de travail n\u2019est pas n\u00e9cessaire. Les cercles de qualit\u00e9 en m\u00e9decine anthroposophique remplissent \u00e9galement les conditions requises pour de tels groupes de travail.<\/p>\r\n","protected":false},"excerpt":{"rendered":"<p>Obtenir l\u2019attestation de formation compl\u00e9mentaire Conditions d\u2019obtention de l\u2019attestation de formation compl\u00e9mentaire selon le programme de formation compl\u00e9mentaire : Titre f\u00e9d\u00e9ral de sp\u00e9cialiste ou titre de sp\u00e9cialiste \u00e9tranger reconnu Comp\u00e9tence acquise selon point 3 du programme de formation compl\u00e9mentaire et r\u00e9ussite de l\u2019\u00e9valuation Collaboration au sein d\u2019un groupe de m\u00e9decins pratiquant la m\u00e9decine \u00e9largie par [&hellip;]<\/p>\n","protected":false},"author":1,"featured_media":2794,"parent":0,"menu_order":0,"comment_status":"closed","ping_status":"closed","template":"","meta":{"_acf_changed":false,"footnotes":""},"class_list":["post-2792","page","type-page","status-publish","has-post-thumbnail","hentry"],"acf":[],"_links":{"self":[{"href":"https:\/\/vaoas.ch\/fr\/wp-json\/wp\/v2\/pages\/2792","targetHints":{"allow":["GET"]}}],"collection":[{"href":"https:\/\/vaoas.ch\/fr\/wp-json\/wp\/v2\/pages"}],"about":[{"href":"https:\/\/vaoas.ch\/fr\/wp-json\/wp\/v2\/types\/page"}],"author":[{"embeddable":true,"href":"https:\/\/vaoas.ch\/fr\/wp-json\/wp\/v2\/users\/1"}],"replies":[{"embeddable":true,"href":"https:\/\/vaoas.ch\/fr\/wp-json\/wp\/v2\/comments?post=2792"}],"version-history":[{"count":24,"href":"https:\/\/vaoas.ch\/fr\/wp-json\/wp\/v2\/pages\/2792\/revisions"}],"predecessor-version":[{"id":11514,"href":"https:\/\/vaoas.ch\/fr\/wp-json\/wp\/v2\/pages\/2792\/revisions\/11514"}],"wp:featuredmedia":[{"embeddable":true,"href":"https:\/\/vaoas.ch\/fr\/wp-json\/wp\/v2\/media\/2794"}],"wp:attachment":[{"href":"https:\/\/vaoas.ch\/fr\/wp-json\/wp\/v2\/media?parent=2792"}],"curies":[{"name":"wp","href":"https:\/\/api.w.org\/{rel}","templated":true}]}}