{"id":2796,"date":"2018-09-17T12:39:23","date_gmt":"2018-09-17T12:39:23","guid":{"rendered":"https:\/\/vaoas.ch\/impressum\/"},"modified":"2020-03-30T09:39:09","modified_gmt":"2020-03-30T09:39:09","slug":"impressum","status":"publish","type":"page","link":"https:\/\/vaoas.ch\/fr\/impressum\/","title":{"rendered":"Impressum"},"content":{"rendered":"<h6 id=\"E24\"><strong>Exploitant du site<\/strong><\/h6>\n<p>VAOAS<br \/>\nGesch\u00e4ftsstelle<br \/>\nPfeffingerweg 1<br \/>\nCH-4144 Arlesheim<\/p>\n<h6 id=\"E48\"><strong>R\u00e9alisation<\/strong><\/h6>\n<p><span id=\"E54\" class=\"qowt-font4-inherit\">BERTA Kom\u00admu\u00adnika\u00adtion AG<\/span><br id=\"E56\" data-line-break=\"true\" \/><span id=\"E57\" class=\"qowt-font4-inherit\">Bertas\u00adtrasse 1<\/span><br id=\"E59\" data-line-break=\"true\" \/><span id=\"E60\" class=\"qowt-font4-inherit\">CH-<\/span><span id=\"E61\" class=\"qowt-font4-inherit\">8003 Z\u00fcrich<br id=\"E85\" data-line-break=\"true\" \/><span id=\"E96\" class=\"qowt-font4-inherit qowt-stl-Link\"><a href=\"http:\/\/www.berta-kommunikation.ch\">www.berta-kommunikation.ch<\/a><br \/>\n<\/span><\/span><\/p>\n<h6 id=\"E66\"><strong>H\u00e9bergement<\/strong><\/h6>\n<p><span id=\"E71\" class=\"qowt-font4-inherit\">cyon<\/span><span id=\"E73\" class=\"qowt-font4-inherit\">\u00a0GmbH<\/span><br id=\"E75\" data-line-break=\"true\" \/><span id=\"E77\" class=\"qowt-font4-inherit\">Aeschen\u00adgraben<\/span><span id=\"E79\" class=\"qowt-font4-inherit\">\u00a06<\/span><br id=\"E81\" data-line-break=\"true\" \/><span id=\"E82\" class=\"qowt-font4-inherit\">CH-<\/span><span id=\"E83\" class=\"qowt-font4-inherit\">4051 Basel<\/span><br id=\"E85\" data-line-break=\"true\" \/><span id=\"E86\" class=\"qowt-font4-inherit\"><\/span><span id=\"E88\" class=\"qowt-font4-inherit\"><\/span><span id=\"E90\" class=\"qowt-font4-inherit\"><\/span><span id=\"E92\" class=\"qowt-font4-inherit\"><\/span><span id=\"E94\" class=\"qowt-font4-inherit\"><\/span><span id=\"E96\" class=\"qowt-font4-inherit qowt-stl-Link\"><a class=\"noSpam\" href=\"http:\/\/www.cyon.ch\/\" target=\"_blank\" rel=\"noopener noreferrer\">www.cyon.ch<\/a><\/span><\/p>\n<p>&nbsp;<\/p>\n<p>Pour des raisons de meilleure lisibilit\u00e9, nous nous abstenons pour l&rsquo;instant d&rsquo;utiliser des formes linguistiques masculines et f\u00e9minines sur le site web et dans notre logo. Les d\u00e9signations personnelles, qui ne sont \u00e9num\u00e9r\u00e9es que sous forme masculine, s&rsquo;appliquent aux deux sexes.<\/p>\n","protected":false},"excerpt":{"rendered":"<p>Exploitant du site VAOAS Gesch\u00e4ftsstelle Pfeffingerweg 1 CH-4144 Arlesheim R\u00e9alisation BERTA Kom\u00admu\u00adnika\u00adtion AGBertas\u00adtrasse 1CH-8003 Z\u00fcrichwww.berta-kommunikation.ch H\u00e9bergement cyon\u00a0GmbHAeschen\u00adgraben\u00a06CH-4051 Baselwww.cyon.ch &nbsp; Pour des raisons de meilleure lisibilit\u00e9, nous nous abstenons pour l&rsquo;instant d&rsquo;utiliser des formes linguistiques masculines et f\u00e9minines sur le site web et dans notre logo. Les d\u00e9signations personnelles, qui ne sont \u00e9num\u00e9r\u00e9es que sous forme [&hellip;]<\/p>\n","protected":false},"author":1,"featured_media":0,"parent":0,"menu_order":0,"comment_status":"closed","ping_status":"open","template":"","meta":{"_acf_changed":false,"footnotes":""},"class_list":["post-2796","page","type-page","status-publish","hentry"],"acf":[],"_links":{"self":[{"href":"https:\/\/vaoas.ch\/fr\/wp-json\/wp\/v2\/pages\/2796","targetHints":{"allow":["GET"]}}],"collection":[{"href":"https:\/\/vaoas.ch\/fr\/wp-json\/wp\/v2\/pages"}],"about":[{"href":"https:\/\/vaoas.ch\/fr\/wp-json\/wp\/v2\/types\/page"}],"author":[{"embeddable":true,"href":"https:\/\/vaoas.ch\/fr\/wp-json\/wp\/v2\/users\/1"}],"replies":[{"embeddable":true,"href":"https:\/\/vaoas.ch\/fr\/wp-json\/wp\/v2\/comments?post=2796"}],"version-history":[{"count":2,"href":"https:\/\/vaoas.ch\/fr\/wp-json\/wp\/v2\/pages\/2796\/revisions"}],"predecessor-version":[{"id":3528,"href":"https:\/\/vaoas.ch\/fr\/wp-json\/wp\/v2\/pages\/2796\/revisions\/3528"}],"wp:attachment":[{"href":"https:\/\/vaoas.ch\/fr\/wp-json\/wp\/v2\/media?parent=2796"}],"curies":[{"name":"wp","href":"https:\/\/api.w.org\/{rel}","templated":true}]}}