{"id":2800,"date":"2018-09-20T09:37:19","date_gmt":"2018-09-20T09:37:19","guid":{"rendered":"https:\/\/vaoas.ch\/medizin\/"},"modified":"2025-06-30T16:00:05","modified_gmt":"2025-06-30T16:00:05","slug":"medecine","status":"publish","type":"page","link":"https:\/\/vaoas.ch\/fr\/medecine\/","title":{"rendered":"M\u00e9decine"},"content":{"rendered":"<p><span lang=\"FR-CH\">L&rsquo;objectif de la m\u00e9decine anthroposophique consiste \u00e0 acqu\u00e9rir une approche holistique de l&rsquo;essence de l\u2019\u00eatre humain. Il s&rsquo;agit donc d&rsquo;une m\u00e9decine centr\u00e9e sur le patient et \u00e0 dimension humaine. Les m\u00e9thodes th\u00e9rapeutiques anthroposophiques trouvent leur place lorsque peut \u00eatre stimul\u00e9e et soutenue l&rsquo;action propre des forces d&rsquo;autogu\u00e9rison , les proc\u00e9d\u00e9s conventionnels \u00e9prouv\u00e9s \u00e9tant utilis\u00e9s simultan\u00e9ment en fonction des besoins. La m\u00e9decine anthroposophique est pratiqu\u00e9e par des m\u00e9decins sp\u00e9cialis\u00e9s qui ont suivi une formation acad\u00e9mique conventionnelle.<\/span><\/p>\n<blockquote><p>Afin de mobiliser les forces d&rsquo;autogu\u00e9rison, le m\u00e9decin anthroposophique utilise des m\u00e9dicaments issus des r\u00e8gnes min\u00e9ral, v\u00e9g\u00e9tal et animal. Gr\u00e2ce \u00e0 l&rsquo;anthropologie spirituelle de l&rsquo;anthroposophie, il per\u00e7oit une interd\u00e9pendance entre l\u2019\u00eatre humain et la nature qui l&rsquo;entoure, et utilise les substances th\u00e9rapeutiques en s&rsquo;appuyant sur cette relation. Les substances pr\u00e9lev\u00e9es dans la nature sont pr\u00e9par\u00e9es selon des proc\u00e9d\u00e9s pharmaceutiques de mani\u00e8re \u00e0 pouvoir stimuler de mani\u00e8re cibl\u00e9e et sp\u00e9cifique l&rsquo;autor\u00e9gulation de l&rsquo;organisme humain. Les produits th\u00e9rapeutiques sont administr\u00e9s par voie orale, par injection ou par application externe (compresses, enveloppements, frictions).<\/p>\n<p>En plus des m\u00e9dicaments et des soins anthroposophiques, la m\u00e9decine anthroposophique a \u00e9galement recours \u00e0 d&rsquo;autres proc\u00e9d\u00e9s th\u00e9rapeutiques, dont l&rsquo;eurythmie curative, l&rsquo;art de la parole, le modelage plastique th\u00e9rapeutique, la th\u00e9rapie par la peinture et la musicoth\u00e9rapie. Le processus de gu\u00e9rison, accompagn\u00e9 par un th\u00e9rapeute, est renforc\u00e9 par la propre initiative active du patient. La rencontre active avec le mouvement, les formes, les couleurs, les sons ou la langue stimule profond\u00e9ment les processus de r\u00e9tablissement chez l\u2019\u00eatre humain. Il existe en outre des th\u00e9rapies corporelles anthroposophiques comme, par exemple, le massage rythmique.<\/p><\/blockquote>\n<h5><span lang=\"FR-CH\">Recherche<\/span><\/h5>\n<p><span lang=\"FR-CH\">La recherche constitue une priorit\u00e9 pour la m\u00e9decine anthroposophique et est men\u00e9e dans diff\u00e9rents centres acad\u00e9miques. Il existe une chaire professorale en m\u00e9decine \u00e9largie par l&rsquo;anthroposophie \u00e0 l&rsquo;Universit\u00e9 de Berne.<\/span><\/p>\n<p><span lang=\"FR-CH\">Un aper\u00e7u des travaux de recherche publi\u00e9s dans le domaine de la m\u00e9decine anthroposophique figure sur le site de la <a href=\"https:\/\/medsektion-goetheanum.org\/anthroposophische-medizin\" target=\"_blank\" rel=\"noopener noreferrer\">Section m\u00e9dicale du Goetheanum<\/a> et sur le site <a href=\"https:\/\/www.anthromedics.org\/\" target=\"_blank\" rel=\"noopener noreferrer\">Anthromedics<\/a>.<\/span><\/p>\n<h5><span lang=\"FR-CH\">Universit\u00e9<\/span><\/h5>\n<p><span lang=\"FR-CH\">Universit\u00e9 de Berne<br \/>\nProf. Dr m\u00e9d. Ursula Wolf<br \/>\nChaire de m\u00e9decine \u00e9largie par l\u2019anthroposophie<br \/>\n<a href=\"http:\/\/www.ikim.unibe.ch\/\" target=\"_blank\" rel=\"noopener noreferrer\">Institut de m\u00e9decine compl\u00e9mentaire et int\u00e9grative<\/a><\/span><\/p>\n<h5><span lang=\"FR-CH\">Cabinets m\u00e9dicaux<\/span><\/h5>\n<p><a href=\"https:\/\/vaoas.ch\/fr\/trouver-un-medecin\/\" target=\"_blank\" rel=\"noopener noreferrer\">Trouver un m\u00e9decin en Suisse<\/a><\/p>\n<h5><span lang=\"FR-CH\">H\u00f4pitaux<\/span><\/h5>\n<p><span lang=\"FR-CH\">H\u00f4pitaux qui pratiquent la m\u00e9decine anthroposophique<\/span><\/p>\n<p><a href=\"http:\/\/www.klinik-arlesheim.ch\/\" target=\"_blank\" rel=\"noopener noreferrer\">Clinique d\u2019Arlesheim<\/a><br \/>\n<a style=\"font-size: inherit; background-color: #fefefe; font-family: -apple-system, BlinkMacSystemFont, 'Segoe UI', Roboto, Oxygen, Ubuntu, Cantarell, 'Fira Sans', 'Droid Sans', 'Helvetica Neue', sans-serif;\" href=\"https:\/\/www.kssg.ch\/integrative-medizin\" target=\"_blank\" rel=\"noopener noreferrer\">H\u00f4pital cantonal de St-Gall, centre de m\u00e9decine int\u00e9grative<\/a><br \/>\n<a style=\"font-size: inherit; background-color: #fefefe; font-family: -apple-system, BlinkMacSystemFont, 'Segoe UI', Roboto, Oxygen, Ubuntu, Cantarell, 'Fira Sans', 'Droid Sans', 'Helvetica Neue', sans-serif;\" href=\"https:\/\/www.h-fr.ch\/nos-specialites\/nos-specialites-medicales\/pediatrie\" target=\"_blank\" rel=\"noopener noreferrer\">H\u00f4pital cantonal de Fribourg, Centre de p\u00e9diatrie int\u00e9grative<\/a><br \/>\n<a style=\"font-size: inherit; background-color: #fefefe; font-family: -apple-system, BlinkMacSystemFont, 'Segoe UI', Roboto, Oxygen, Ubuntu, Cantarell, 'Fira Sans', 'Droid Sans', 'Helvetica Neue', sans-serif;\" href=\"http:\/\/www.ospidal-scuol.ch\/\" target=\"_blank\" rel=\"noopener noreferrer\">H\u00f4pital de Basse-Engadine, division de m\u00e9decine compl\u00e9mentaire, Scuol<\/a><\/p>\n<h5><span lang=\"FR-CH\">Maison de cure<\/span><\/h5>\n<p><a href=\"http:\/\/casa-andrea-cristoforo.ch\/\" target=\"_blank\" rel=\"noopener noreferrer\">Casa Andrea Cristoforo in Ascona<\/a><\/p>\n<h5><span lang=\"FR-CH\">Enseignement sp\u00e9cialis\u00e9 (p\u00e9dagogie curative)<\/span><\/h5>\n<p><a href=\"http:\/\/www.uria-vahs.ch\/uria-home.html\" target=\"_blank\" rel=\"noopener noreferrer\">VAHS &#8211; union suisse pour la p\u00e9dagogie curative et la socioth\u00e9rapie anthroposophiques<\/a><br \/>\n<a href=\"http:\/\/www.uria-vahs.ch\/uria-home.html\" target=\"_blank\" rel=\"noopener noreferrer\">URIA &#8211; union romande des institutions d&rsquo;orientation anthroposophique<\/a><\/p>\n<h5><span lang=\"FR-CH\">La m\u00e9decine anthroposophique \u00e0 l\u2019international<\/span><\/h5>\n<p><span lang=\"FR-CH\">La m\u00e9decine anthroposophique est pratiqu\u00e9e dans de nombreux pays partout dans le monde. \u00c0 l\u2019\u00e9chelle internationale, elle est repr\u00e9sent\u00e9e par la <a href=\"https:\/\/medsektion-goetheanum.org\/anthroposophische-medizin\" target=\"_blank\" rel=\"noopener noreferrer\">Section m\u00e9dicale du Goetheanum<\/a> et par la f\u00e9d\u00e9ration internationale d\u2019associations m\u00e9dicales anthroposophiques, l\u2019International Federation of Anthroposophic Medical Associations <a href=\"http:\/\/www.ivaa.info\" target=\"_blank\" rel=\"noopener noreferrer\">IVAA<\/a>.<\/span><\/p>\n<p>&nbsp;<\/p>\n<h5>R\u00e9f\u00e9rences bibliographiques<\/h5>\n<ul>\n<li><a href=\"http:\/\/www.merkurstab.de\" target=\"_blank\" rel=\"noopener noreferrer\">Der Merkurstab. Zeitschrift f\u00fcr Anthroposophische Medizin<\/a><\/li>\n<li><a href=\"http:\/\/www.vademecum.org\" target=\"_blank\" rel=\"noopener noreferrer\">Vademecum Anthroposophische Arzneimittel<\/a><\/li>\n<li>Heusser Peter, Anthroposophische Medizin und Wissenschaft. Schattauer Verlag, Stuttgart 2010<\/li>\n<li>Girke Matthias, Innere Medizin, Salumed-Verlag, 2. Auflage Berlin 2012<\/li>\n<li>Soldner Georg, Stellmann Hermann Michael, Individuelle P\u00e4diatrie, Wissenschaftliche Verlagsgesellschaft, 5. Auflage, Stuttgart, 2018<\/li>\n<li>Girke Matthias, Hrsg., Geriatrie, Salumed-Verlag, Berlin 2014<\/li>\n<li>Maris Bartholomeus, Frauenheilkunde und Geburtshilfe, Salumed-Verlag, Berlin 2012<\/li>\n<li>Jachens L\u00fcder, Dermatologie, Salumed-Verlag, Berlin 2012<\/li>\n<li>Steiner R., Wegman I., Grundlegendes f\u00fcr eine Erweiterung der Heilkunst nach geisteswissenschaftlichen Erkenntnissen, GA 27, 7. Aufl., Rudolf Steiner Verlag, Dornach 1991<\/li>\n<li>Steiner R., Geisteswissenschaft und Medizin, GA 312, 7. Aufl., Rudolf Steiner Verlag, Dornach 2001<\/li>\n<li>Steiner R., Geisteswissenschaftliche Gesichtspunkte zur Therapie, GA 313, 7. Aufl., Rudolf Steiner Verlag, Dornach 2001<\/li>\n<\/ul>\n","protected":false},"excerpt":{"rendered":"<p>L&rsquo;objectif de la m\u00e9decine anthroposophique consiste \u00e0 acqu\u00e9rir une approche holistique de l&rsquo;essence de l\u2019\u00eatre humain. Il s&rsquo;agit donc d&rsquo;une m\u00e9decine centr\u00e9e sur le patient et \u00e0 dimension humaine. Les m\u00e9thodes th\u00e9rapeutiques anthroposophiques trouvent leur place lorsque peut \u00eatre stimul\u00e9e et soutenue l&rsquo;action propre des forces d&rsquo;autogu\u00e9rison , les proc\u00e9d\u00e9s conventionnels \u00e9prouv\u00e9s \u00e9tant utilis\u00e9s simultan\u00e9ment [&hellip;]<\/p>\n","protected":false},"author":1,"featured_media":2802,"parent":0,"menu_order":0,"comment_status":"closed","ping_status":"closed","template":"","meta":{"_acf_changed":false,"footnotes":""},"class_list":["post-2800","page","type-page","status-publish","has-post-thumbnail","hentry"],"acf":[],"_links":{"self":[{"href":"https:\/\/vaoas.ch\/fr\/wp-json\/wp\/v2\/pages\/2800","targetHints":{"allow":["GET"]}}],"collection":[{"href":"https:\/\/vaoas.ch\/fr\/wp-json\/wp\/v2\/pages"}],"about":[{"href":"https:\/\/vaoas.ch\/fr\/wp-json\/wp\/v2\/types\/page"}],"author":[{"embeddable":true,"href":"https:\/\/vaoas.ch\/fr\/wp-json\/wp\/v2\/users\/1"}],"replies":[{"embeddable":true,"href":"https:\/\/vaoas.ch\/fr\/wp-json\/wp\/v2\/comments?post=2800"}],"version-history":[{"count":7,"href":"https:\/\/vaoas.ch\/fr\/wp-json\/wp\/v2\/pages\/2800\/revisions"}],"predecessor-version":[{"id":11502,"href":"https:\/\/vaoas.ch\/fr\/wp-json\/wp\/v2\/pages\/2800\/revisions\/11502"}],"wp:featuredmedia":[{"embeddable":true,"href":"https:\/\/vaoas.ch\/fr\/wp-json\/wp\/v2\/media\/2802"}],"wp:attachment":[{"href":"https:\/\/vaoas.ch\/fr\/wp-json\/wp\/v2\/media?parent=2800"}],"curies":[{"name":"wp","href":"https:\/\/api.w.org\/{rel}","templated":true}]}}