{"id":2808,"date":"2018-09-20T09:36:35","date_gmt":"2018-09-20T09:36:35","guid":{"rendered":"https:\/\/vaoas.ch\/uber-uns\/"},"modified":"2024-05-13T10:17:04","modified_gmt":"2024-05-13T10:17:04","slug":"uber-uns","status":"publish","type":"page","link":"https:\/\/vaoas.ch\/fr\/uber-uns\/","title":{"rendered":"Portrait"},"content":{"rendered":"<div class=\"sortable-main-wrapper\"id=\"sortable-ajax-load\" data-post_type=\"ew-team\" data-taxonomy=\"ew-team-category\" data-posts_per_page=\"20\" data-pagination=\"fakse\" data-show_filters=\"1\" data-layout=\"grid\" data-item_layout=\"team\" data-page=\"1\" data-term=\"directrice,team-category,comite-directeur,\" data-page_slug=\"\" ><div class=\"preloader hidden\"><\/div><div class=\"row\">\n    <div class=\"col-lg-12\">\n        <div class=\"category\" id=\"isotop-filters\">\n<!--            <button class=\"category_link nav-item --><!--\" data-term=\"--><!--\" data-filter=\"*\">Alle<\/button>-->\n                                <button class=\"category_link nav-item \" data-term=\"directrice\" data-filter=\".term-directrice\">\n                        Directrice                    <\/button>\n                                <button class=\"category_link nav-item \" data-term=\"team-category\" data-filter=\".term-team-category\">\n                        Tout                    <\/button>\n                                <button class=\"category_link nav-item \" data-term=\"comite-directeur\" data-filter=\".term-comite-directeur\">\n                        Comit\u00e9 directeur                    <\/button>\n                    <\/div>\n    <\/div>\n<\/div>\n\n<div class=\"row\">\n            <div class=\"grid\">\n            \n<div class=\"col-lg-3 col-md-4 col-sm-4 col-xs-12 team_item element-item term-team-category term-comite-directeur\">\n    <div class=\"team_wrap\">\n        <img loading=\"lazy\" decoding=\"async\" width=\"958\" height=\"1208\" src=\"https:\/\/vaoas.ch\/wp-content\/uploads\/2018\/12\/vaoas_web_230x290px_arendt-1.jpg\" class=\"attachment-post-thumbnail size-post-thumbnail wp-post-image\" alt=\"\" srcset=\"https:\/\/vaoas.ch\/wp-content\/uploads\/2018\/12\/vaoas_web_230x290px_arendt-1.jpg 958w, https:\/\/vaoas.ch\/wp-content\/uploads\/2018\/12\/vaoas_web_230x290px_arendt-1-238x300.jpg 238w, https:\/\/vaoas.ch\/wp-content\/uploads\/2018\/12\/vaoas_web_230x290px_arendt-1-768x968.jpg 768w, https:\/\/vaoas.ch\/wp-content\/uploads\/2018\/12\/vaoas_web_230x290px_arendt-1-812x1024.jpg 812w, https:\/\/vaoas.ch\/wp-content\/uploads\/2018\/12\/vaoas_web_230x290px_arendt-1-640x807.jpg 640w\" sizes=\"auto, (max-width: 639px) 98vw, (max-width: 1199px) 64vw, 770px\" \/>        <h5><span>Dr. m\u00e9d.<\/span>\n            Andreas Arendt        <\/h5>\n        <a href=\"mailto:\" class=\"email\"><\/a>\n        <p class=\"paragraph_front\">\n            Membre ex\u00e9cutif du comit\u00e9 directeur <\/br>\n             <\/br>\n                    <\/p>\n    <\/div>\n<\/div>\n<div class=\"col-lg-3 col-md-4 col-sm-4 col-xs-12 team_item element-item term-team-category term-comite-directeur\">\n    <div class=\"team_wrap\">\n        <img loading=\"lazy\" decoding=\"async\" width=\"958\" height=\"1208\" src=\"https:\/\/vaoas.ch\/wp-content\/uploads\/2018\/12\/vaoas_web_230x290px_streit.jpg\" class=\"attachment-post-thumbnail size-post-thumbnail wp-post-image\" alt=\"\" srcset=\"https:\/\/vaoas.ch\/wp-content\/uploads\/2018\/12\/vaoas_web_230x290px_streit.jpg 958w, https:\/\/vaoas.ch\/wp-content\/uploads\/2018\/12\/vaoas_web_230x290px_streit-238x300.jpg 238w, https:\/\/vaoas.ch\/wp-content\/uploads\/2018\/12\/vaoas_web_230x290px_streit-768x968.jpg 768w, https:\/\/vaoas.ch\/wp-content\/uploads\/2018\/12\/vaoas_web_230x290px_streit-812x1024.jpg 812w, https:\/\/vaoas.ch\/wp-content\/uploads\/2018\/12\/vaoas_web_230x290px_streit-640x807.jpg 640w\" sizes=\"auto, (max-width: 639px) 98vw, (max-width: 1199px) 64vw, 770px\" \/>        <h5><span>Dr. m\u00e9d.<\/span>\n            Eva Gabriele Streit        <\/h5>\n        <a href=\"mailto:\" class=\"email\"><\/a>\n        <p class=\"paragraph_front\">\n            Membre ex\u00e9cutif du comit\u00e9 directeur <\/br>\n             <\/br>\n                    <\/p>\n    <\/div>\n<\/div>\n<div class=\"col-lg-3 col-md-4 col-sm-4 col-xs-12 team_item element-item term-team-category term-comite-directeur\">\n    <div class=\"team_wrap\">\n        <img loading=\"lazy\" decoding=\"async\" width=\"1000\" height=\"1250\" src=\"https:\/\/vaoas.ch\/wp-content\/uploads\/2018\/12\/m.jpg\" class=\"attachment-post-thumbnail size-post-thumbnail wp-post-image\" alt=\"\" srcset=\"https:\/\/vaoas.ch\/wp-content\/uploads\/2018\/12\/m.jpg 1000w, https:\/\/vaoas.ch\/wp-content\/uploads\/2018\/12\/m-240x300.jpg 240w, https:\/\/vaoas.ch\/wp-content\/uploads\/2018\/12\/m-768x960.jpg 768w, https:\/\/vaoas.ch\/wp-content\/uploads\/2018\/12\/m-819x1024.jpg 819w, https:\/\/vaoas.ch\/wp-content\/uploads\/2018\/12\/m-640x800.jpg 640w\" sizes=\"auto, (max-width: 639px) 98vw, (max-width: 1199px) 64vw, 770px\" \/>        <h5><span>Dr. m\u00e9d. <\/span>\n            Roland Appel        <\/h5>\n        <a href=\"mailto:\" class=\"email\"><\/a>\n        <p class=\"paragraph_front\">\n            Membre du comit\u00e9 directeur Tr\u00e9sorier <\/br>\n             <\/br>\n                    <\/p>\n    <\/div>\n<\/div>\n<div class=\"col-lg-3 col-md-4 col-sm-4 col-xs-12 team_item element-item term-team-category term-comite-directeur\">\n    <div class=\"team_wrap\">\n        <img loading=\"lazy\" decoding=\"async\" width=\"958\" height=\"1208\" src=\"https:\/\/vaoas.ch\/wp-content\/uploads\/2018\/12\/vaoas_web_230x290px_schirmer.jpg\" class=\"attachment-post-thumbnail size-post-thumbnail wp-post-image\" alt=\"\" srcset=\"https:\/\/vaoas.ch\/wp-content\/uploads\/2018\/12\/vaoas_web_230x290px_schirmer.jpg 958w, https:\/\/vaoas.ch\/wp-content\/uploads\/2018\/12\/vaoas_web_230x290px_schirmer-238x300.jpg 238w, https:\/\/vaoas.ch\/wp-content\/uploads\/2018\/12\/vaoas_web_230x290px_schirmer-768x968.jpg 768w, https:\/\/vaoas.ch\/wp-content\/uploads\/2018\/12\/vaoas_web_230x290px_schirmer-812x1024.jpg 812w, https:\/\/vaoas.ch\/wp-content\/uploads\/2018\/12\/vaoas_web_230x290px_schirmer-640x807.jpg 640w\" sizes=\"auto, (max-width: 639px) 98vw, (max-width: 1199px) 64vw, 770px\" \/>        <h5><span>Dr. m\u00e9d.<\/span>\n            Felix Schirmer        <\/h5>\n        <a href=\"mailto:\" class=\"email\"><\/a>\n        <p class=\"paragraph_front\">\n            Membre du comit\u00e9 directeur <\/br>\n             <\/br>\n                    <\/p>\n    <\/div>\n<\/div>\n<div class=\"col-lg-3 col-md-4 col-sm-4 col-xs-12 team_item element-item term-team-category term-comite-directeur\">\n    <div class=\"team_wrap\">\n        <img loading=\"lazy\" decoding=\"async\" width=\"958\" height=\"1208\" src=\"https:\/\/vaoas.ch\/wp-content\/uploads\/2018\/12\/vaoas_web_230x290px_wolf.jpg\" class=\"attachment-post-thumbnail size-post-thumbnail wp-post-image\" alt=\"\" srcset=\"https:\/\/vaoas.ch\/wp-content\/uploads\/2018\/12\/vaoas_web_230x290px_wolf.jpg 958w, https:\/\/vaoas.ch\/wp-content\/uploads\/2018\/12\/vaoas_web_230x290px_wolf-238x300.jpg 238w, https:\/\/vaoas.ch\/wp-content\/uploads\/2018\/12\/vaoas_web_230x290px_wolf-768x968.jpg 768w, https:\/\/vaoas.ch\/wp-content\/uploads\/2018\/12\/vaoas_web_230x290px_wolf-812x1024.jpg 812w, https:\/\/vaoas.ch\/wp-content\/uploads\/2018\/12\/vaoas_web_230x290px_wolf-640x807.jpg 640w\" sizes=\"auto, (max-width: 639px) 98vw, (max-width: 1199px) 64vw, 770px\" \/>        <h5><span>Prof. Dr. m\u00e9d.<\/span>\n            Ursula Wolf        <\/h5>\n        <a href=\"mailto:\" class=\"email\"><\/a>\n        <p class=\"paragraph_front\">\n            Membre du comit\u00e9 directeur <\/br>\n             <\/br>\n                    <\/p>\n    <\/div>\n<\/div>\n<div class=\"col-lg-3 col-md-4 col-sm-4 col-xs-12 team_item element-item term-team-category term-comite-directeur\">\n    <div class=\"team_wrap\">\n        <img loading=\"lazy\" decoding=\"async\" width=\"681\" height=\"864\" src=\"https:\/\/vaoas.ch\/wp-content\/uploads\/2021\/03\/Jana-2021-55.jpg\" class=\"attachment-post-thumbnail size-post-thumbnail wp-post-image\" alt=\"\" srcset=\"https:\/\/vaoas.ch\/wp-content\/uploads\/2021\/03\/Jana-2021-55.jpg 681w, https:\/\/vaoas.ch\/wp-content\/uploads\/2021\/03\/Jana-2021-55-236x300.jpg 236w, https:\/\/vaoas.ch\/wp-content\/uploads\/2021\/03\/Jana-2021-55-640x812.jpg 640w\" sizes=\"auto, (max-width: 639px) 98vw, (max-width: 1199px) 64vw, 681px\" \/>        <h5><span>Dr. m\u00e9d.<\/span>\n            Jana Siroka        <\/h5>\n        <a href=\"mailto:\" class=\"email\"><\/a>\n        <p class=\"paragraph_front\">\n            Membre du comit\u00e9 directeur <\/br>\n             <\/br>\n                    <\/p>\n    <\/div>\n<\/div>\n<div class=\"col-lg-3 col-md-4 col-sm-4 col-xs-12 team_item element-item term-team-category term-comite-directeur\">\n    <div class=\"team_wrap\">\n        <img loading=\"lazy\" decoding=\"async\" width=\"424\" height=\"531\" src=\"https:\/\/vaoas.ch\/wp-content\/uploads\/2021\/12\/canvas.png\" class=\"attachment-post-thumbnail size-post-thumbnail wp-post-image\" alt=\"\" srcset=\"https:\/\/vaoas.ch\/wp-content\/uploads\/2021\/12\/canvas.png 424w, https:\/\/vaoas.ch\/wp-content\/uploads\/2021\/12\/canvas-240x300.png 240w\" sizes=\"auto, (max-width: 639px) 98vw, (max-width: 1199px) 64vw, 424px\" \/>        <h5><span>Dr. m\u00e9d.<\/span>\n            Corrado Bertotto        <\/h5>\n        <a href=\"mailto:\" class=\"email\"><\/a>\n        <p class=\"paragraph_front\">\n            Membre du comit\u00e9 directeur <\/br>\n             <\/br>\n                    <\/p>\n    <\/div>\n<\/div>\n<div class=\"col-lg-3 col-md-4 col-sm-4 col-xs-12 team_item element-item term-team-category term-comite-directeur\">\n    <div class=\"team_wrap\">\n        <img loading=\"lazy\" decoding=\"async\" width=\"958\" height=\"1208\" src=\"https:\/\/vaoas.ch\/wp-content\/uploads\/2018\/12\/vaoas_web_230x290px_angerer2.jpg\" class=\"attachment-post-thumbnail size-post-thumbnail wp-post-image\" alt=\"\" srcset=\"https:\/\/vaoas.ch\/wp-content\/uploads\/2018\/12\/vaoas_web_230x290px_angerer2.jpg 958w, https:\/\/vaoas.ch\/wp-content\/uploads\/2018\/12\/vaoas_web_230x290px_angerer2-238x300.jpg 238w, https:\/\/vaoas.ch\/wp-content\/uploads\/2018\/12\/vaoas_web_230x290px_angerer2-768x968.jpg 768w, https:\/\/vaoas.ch\/wp-content\/uploads\/2018\/12\/vaoas_web_230x290px_angerer2-812x1024.jpg 812w, https:\/\/vaoas.ch\/wp-content\/uploads\/2018\/12\/vaoas_web_230x290px_angerer2-640x807.jpg 640w\" sizes=\"auto, (max-width: 639px) 98vw, (max-width: 1199px) 64vw, 770px\" \/>        <h5><span>Dr. m\u00e9d.<\/span>\n            Tido von Schoen-Angerer        <\/h5>\n        <a href=\"mailto:\" class=\"email\"><\/a>\n        <p class=\"paragraph_front\">\n            Membre associ\u00e9 du comit\u00e9 directeur <\/br>\n             <\/br>\n                    <\/p>\n    <\/div>\n<\/div>\n<div class=\"col-lg-3 col-md-4 col-sm-4 col-xs-12 team_item element-item term-team-category term-comite-directeur\">\n    <div class=\"team_wrap\">\n        <img loading=\"lazy\" decoding=\"async\" width=\"1000\" height=\"1250\" src=\"https:\/\/vaoas.ch\/wp-content\/uploads\/2018\/12\/w.jpg\" class=\"attachment-post-thumbnail size-post-thumbnail wp-post-image\" alt=\"\" srcset=\"https:\/\/vaoas.ch\/wp-content\/uploads\/2018\/12\/w.jpg 1000w, https:\/\/vaoas.ch\/wp-content\/uploads\/2018\/12\/w-240x300.jpg 240w, https:\/\/vaoas.ch\/wp-content\/uploads\/2018\/12\/w-768x960.jpg 768w, https:\/\/vaoas.ch\/wp-content\/uploads\/2018\/12\/w-819x1024.jpg 819w, https:\/\/vaoas.ch\/wp-content\/uploads\/2018\/12\/w-640x800.jpg 640w\" sizes=\"auto, (max-width: 639px) 98vw, (max-width: 1199px) 64vw, 770px\" \/>        <h5><span><\/span>\n            Maria Stella Cantini        <\/h5>\n        <a href=\"mailto:\" class=\"email\"><\/a>\n        <p class=\"paragraph_front\">\n            Membre associ\u00e9 du comit\u00e9 directeur <\/br>\n             <\/br>\n                    <\/p>\n    <\/div>\n<\/div>\n<div class=\"col-lg-3 col-md-4 col-sm-4 col-xs-12 team_item element-item term-team-category term-directrice\">\n    <div class=\"team_wrap\">\n        <img loading=\"lazy\" decoding=\"async\" width=\"1000\" height=\"1250\" src=\"https:\/\/vaoas.ch\/wp-content\/uploads\/2018\/12\/w.jpg\" class=\"attachment-post-thumbnail size-post-thumbnail wp-post-image\" alt=\"\" srcset=\"https:\/\/vaoas.ch\/wp-content\/uploads\/2018\/12\/w.jpg 1000w, https:\/\/vaoas.ch\/wp-content\/uploads\/2018\/12\/w-240x300.jpg 240w, https:\/\/vaoas.ch\/wp-content\/uploads\/2018\/12\/w-768x960.jpg 768w, https:\/\/vaoas.ch\/wp-content\/uploads\/2018\/12\/w-819x1024.jpg 819w, https:\/\/vaoas.ch\/wp-content\/uploads\/2018\/12\/w-640x800.jpg 640w\" sizes=\"auto, (max-width: 639px) 98vw, (max-width: 1199px) 64vw, 770px\" \/>        <h5><span><\/span>\n            B\u00e9n\u00e9dicte Pirovano        <\/h5>\n        <a href=\"mailto:info@vaoas.ch\" class=\"email\">info@vaoas.ch<\/a>\n        <p class=\"paragraph_front\">\n            Directrice <\/br>\n             <\/br>\n                    <\/p>\n    <\/div>\n<\/div>        <\/div>\n    <\/div>\n\n\n<\/div>\n<h5><span lang=\"FR-CH\">Types de membres de la VAOAS<\/span><\/h5>\n<p><span lang=\"FR-CH\">Tout m\u00e9decin titulaire d&rsquo;un dipl\u00f4me f\u00e9d\u00e9ral de m\u00e9decine ou d&rsquo;un dipl\u00f4me \u00e9quivalent qui exerce ou a exerc\u00e9 une activit\u00e9 dans le domaine de la sant\u00e9 et qui voit dans l\u2019anthroposophie de Rudolf Steiner un base valable pour l\u2019\u00e9largissement de la science m\u00e9dicale actuelle peut devenir membre ordinaire.<\/span><\/p>\n<p><span lang=\"FR-CH\">Tout m\u00e9decin dentiste, v\u00e9t\u00e9rinaire, pharmacien, ou \u00e9tudiant de ces disciplines, domicili\u00e9 en Suisse ou \u00e0 l\u2019\u00e9tranger, peut devenir membre extraordinaire. Les membres extraordinaires ne disposent pas du droit de vote.<\/span><\/p>\n<h5><span lang=\"FR-CH\">Membres de la VAOAS<\/span><\/h5>\n<ul>\n<li>Membres ordinaires :\u00a0 Fr. 600.\u2013<\/li>\n<li>Membres extraordinaires : Fr. 600.\u2013<\/li>\n<li>M\u00e9decins assistants : Fr. 250.\u2013<\/li>\n<li>Membres titulaires et associ\u00e9s, qui sont \u00e9galement membres d&rsquo;une soci\u00e9t\u00e9 m\u00e9dicale anthroposophique \u00e9trang\u00e8re : Fr. 360.-<\/li>\n<li>M\u00e9decins assistants en formation continue : Fr. 50.\u2013<\/li>\n<li>Membres qui n\u2019exercent pas d\u2019activit\u00e9 lucrative\u00a0:\u00a0 Fr. 90.\u2013<\/li>\n<\/ul>\n<p>&nbsp;<\/p>\n<blockquote><p>Tous les nouveaux membres re\u00e7oivent gratuitement, la premi\u00e8re ann\u00e9e, la revue \u00ab Der Merkurstab \u00bb qui publie des travaux sur la m\u00e9decine anthroposophique.<br \/>\nLa revue \u00ab Der Merkurstab \u00bb est envoy\u00e9e par poste et disponible en ligne pour consultation.<\/p><\/blockquote>\n<h5><\/h5>\n<h5><strong>Adresses<\/strong><\/h5>\n<p><a href=\"http:\/\/www.soleo-akademie.ch\" target=\"_blank\" rel=\"noopener noreferrer\">Acad\u00e9mie suisse Soleo pour les m\u00e9tiers de soins<\/a><br \/>\n<a href=\"http:\/\/www.anthromedia.net\" target=\"_blank\" rel=\"noopener noreferrer\">Anthromedia<\/a><br \/>\n<a href=\"https:\/\/www.anthrosana.ch\/francais\/\" target=\"_blank\" rel=\"noopener noreferrer\">anthrosana \u2013\u00a0 association pour une m\u00e9decine \u00e9largie par l&rsquo;anthroposophie<\/a><br \/>\n<a href=\"http:\/\/www.artabana.ch\" target=\"_blank\" rel=\"noopener noreferrer\">Artabana<\/a><br \/>\n<a href=\"https:\/\/vaeps.ch\/fr\/\" target=\"_blank\" rel=\"noopener noreferrer\">Association pour une pharmacie \u00e9largie par l\u2019anthroposophie en Suisse<\/a><br \/>\n<a href=\"https:\/\/www.fmh.ch\/fr\/\" target=\"_blank\" rel=\"noopener noreferrer\">Association professionnelle des m\u00e9decins en Suisse FMH<\/a><br \/>\n<a href=\"http:\/\/www.heileurythmie.ch\/fr\/\" target=\"_blank\" rel=\"noopener noreferrer\">Association professionnelle suisse de l\u2019eurythmie th\u00e9rapeutique<\/a><br \/>\n<a href=\"https:\/\/www.svakt.ch\/\" target=\"_blank\" rel=\"noopener noreferrer\">Association suisse d\u2019art-th\u00e9rapie anthroposophique SVAKT<\/a><br \/>\n<a href=\"http:\/\/www.vrms.ch\/\" target=\"_blank\" rel=\"noopener noreferrer\">Association suisse du massage rhythmique<\/a><br \/>\n<a href=\"https:\/\/www.asmc.ch\/\" target=\"_blank\" rel=\"noopener noreferrer\">Association suisse pour les m\u00e9dicaments de la m\u00e9decine compl\u00e9mentaire ASMC<\/a><br \/>\n<a href=\"https:\/\/casa-andrea-cristoforo.ch\/?lang=fr\" target=\"_blank\" rel=\"noopener noreferrer\">Casa Andrea Cristoforo<\/a><br \/>\n<a href=\"http:\/\/www.klinik-arlesheim.ch\" target=\"_blank\" rel=\"noopener noreferrer\">Clinique d\u2019Arlesheim<\/a><br \/>\n<a href=\"https:\/\/www.fedmedcom.ch\/\" target=\"_blank\" rel=\"noopener noreferrer\">Fedmedcom, F\u00e9d\u00e9ration de la m\u00e9decine compl\u00e9mentaire<\/a><br \/>\n<a href=\"https:\/\/www.foerderverein-anthromedizin.ch\/als-aerztin-studentin-gefoerdert-werden\/\" target=\"_blank\" rel=\"noopener noreferrer\">Fonds de soutien \u00e0 la formation m\u00e9dicale \u00e9largie par l\u2019anthroposophie<\/a><br \/>\n<a href=\"http:\/\/www.aerzteausbildung.com\/\" target=\"_blank\" rel=\"noopener noreferrer\">Formation des m\u00e9decins \u00e0 Arlesheim<\/a><br \/>\n<a href=\"https:\/\/www.h-fr.ch\/nos-specialites\/nos-centres-de-competences\/centre-de-pediatrie-integrative\" target=\"_blank\" rel=\"noopener noreferrer\">H\u00f4pital cantonal de Fribourg, Centre de p\u00e9diatrie int\u00e9grative<\/a><br \/>\n<a href=\"http:\/\/www.integrativemedizin.kssg.ch\" target=\"_blank\" rel=\"noopener noreferrer\">H\u00f4pital cantonal de St-Gall, centre de m\u00e9decine int\u00e9grative<\/a><br \/>\n<a href=\"http:\/\/www.ospidal-scuol.ch\" target=\"_blank\" rel=\"noopener noreferrer\">H\u00f4pital de Basse-Engadine, division de m\u00e9decine compl\u00e9mentaire, Scuol<\/a><br \/>\n<a href=\"http:\/\/www.siam-schweiz.ch\" target=\"_blank\" rel=\"noopener noreferrer\">Initiative suisse pour la m\u00e9decine anthroposophique SIAM<\/a><br \/>\n<a href=\"http:\/\/www.ikim.unibe.ch\/\" target=\"_blank\" rel=\"noopener noreferrer\">Institut de m\u00e9decine compl\u00e9mentaire et int\u00e9grative IKIM, universit\u00e9 de Berne<\/a><br \/>\n<a href=\"http:\/\/www.ivaa.info\" target=\"_blank\" rel=\"noopener noreferrer\">International Federation of Anthroposophic Medical Associations IVAA<\/a><br \/>\n<a href=\"http:\/\/www.medsektion-goetheanum.org\" target=\"_blank\" rel=\"noopener noreferrer\">Section m\u00e9dicale du Goetheanum<\/a><br \/>\n<a href=\"http:\/\/www.aerzteseminar.ch\" target=\"_blank\" rel=\"noopener noreferrer\">S\u00e9minaire de m\u00e9decine anthroposophique destin\u00e9 aux m\u00e9decins<\/a><br \/>\n<a href=\"http:\/\/www.unioncomed.ch\" target=\"_blank\" rel=\"noopener noreferrer\">UNION des soci\u00e9t\u00e9s suisses de m\u00e9decine compl\u00e9mentaire<\/a><br \/>\n<a href=\"http:\/\/www.uria-vahs.ch\/uria-home.html\" target=\"_blank\" rel=\"noopener noreferrer\">VAHS &#8211; union suisse pour la p\u00e9dagogie curative et la socioth\u00e9rapie anthroposophiques<\/a><br \/>\n<a href=\"http:\/\/www.uria-vahs.ch\/uria-home.html\" target=\"_blank\" rel=\"noopener noreferrer\">URIA &#8211; union romande des institutions d&rsquo;orientation anthroposophique<\/a><\/p>\n","protected":false},"excerpt":{"rendered":"<p>Types de membres de la VAOAS Tout m\u00e9decin titulaire d&rsquo;un dipl\u00f4me f\u00e9d\u00e9ral de m\u00e9decine ou d&rsquo;un dipl\u00f4me \u00e9quivalent qui exerce ou a exerc\u00e9 une activit\u00e9 dans le domaine de la sant\u00e9 et qui voit dans l\u2019anthroposophie de Rudolf Steiner un base valable pour l\u2019\u00e9largissement de la science m\u00e9dicale actuelle peut devenir membre ordinaire. Tout m\u00e9decin [&hellip;]<\/p>\n","protected":false},"author":1,"featured_media":0,"parent":0,"menu_order":0,"comment_status":"closed","ping_status":"closed","template":"","meta":{"_acf_changed":false,"footnotes":""},"class_list":["post-2808","page","type-page","status-publish","hentry"],"acf":[],"_links":{"self":[{"href":"https:\/\/vaoas.ch\/fr\/wp-json\/wp\/v2\/pages\/2808","targetHints":{"allow":["GET"]}}],"collection":[{"href":"https:\/\/vaoas.ch\/fr\/wp-json\/wp\/v2\/pages"}],"about":[{"href":"https:\/\/vaoas.ch\/fr\/wp-json\/wp\/v2\/types\/page"}],"author":[{"embeddable":true,"href":"https:\/\/vaoas.ch\/fr\/wp-json\/wp\/v2\/users\/1"}],"replies":[{"embeddable":true,"href":"https:\/\/vaoas.ch\/fr\/wp-json\/wp\/v2\/comments?post=2808"}],"version-history":[{"count":15,"href":"https:\/\/vaoas.ch\/fr\/wp-json\/wp\/v2\/pages\/2808\/revisions"}],"predecessor-version":[{"id":10955,"href":"https:\/\/vaoas.ch\/fr\/wp-json\/wp\/v2\/pages\/2808\/revisions\/10955"}],"wp:attachment":[{"href":"https:\/\/vaoas.ch\/fr\/wp-json\/wp\/v2\/media?parent=2808"}],"curies":[{"name":"wp","href":"https:\/\/api.w.org\/{rel}","templated":true}]}}