{"id":2891,"date":"2020-03-02T14:08:02","date_gmt":"2020-03-02T14:08:02","guid":{"rendered":"https:\/\/vaoas.ch\/?page_id=2891"},"modified":"2020-03-02T14:30:54","modified_gmt":"2020-03-02T14:30:54","slug":"evenements","status":"publish","type":"page","link":"https:\/\/vaoas.ch\/fr\/evenements\/","title":{"rendered":"\u00c9v\u00e9nements"},"content":{"rendered":"<div class=\"container no-gutters\"><div class=\"sortable-main-wrapper\"id=\"sortable-ajax-load\" data-post_type=\"ew-news\" data-taxonomy=\"ew-events-category\" data-posts_per_page=\"-1\" data-pagination=\"numbers\" data-show_filters=\"1\" data-layout=\"list\" data-item_layout=\"row\" data-page=\"1\" data-term=\"veranstaltungen-fr,formations_continues,formation,arbeitsgruppen-fr,credits_fr,archiv_events-fr,\" data-page_slug=\"veranstaltungen\" ><div class=\"preloader hidden\"><\/div><div class=\"row\">\n    <div class=\"col-lg-12\">\n        <div class=\"category\" id=\"isotop-filters\">\n<!--            <button class=\"category_link nav-item --><!--\" data-term=\"--><!--\" data-filter=\"*\">Alle<\/button>-->\n                                <button class=\"category_link nav-item \" data-term=\"veranstaltungen-fr\" data-filter=\".term-veranstaltungen-fr\">\n                        Tout                    <\/button>\n                                <button class=\"category_link nav-item \" data-term=\"formations_continues\" data-filter=\".term-formations_continues\">\n                        Formations continues                    <\/button>\n                                <button class=\"category_link nav-item \" data-term=\"formation\" data-filter=\".term-formation\">\n                        Formation                    <\/button>\n                                <button class=\"category_link nav-item \" data-term=\"arbeitsgruppen-fr\" data-filter=\".term-arbeitsgruppen-fr\">\n                        Groupes de travail                    <\/button>\n                                <button class=\"category_link nav-item \" data-term=\"credits_fr\" data-filter=\".term-credits_fr\">\n                        Cr\u00e9dits                    <\/button>\n                                <button class=\"category_link nav-item \" data-term=\"archiv_events-fr\" data-filter=\".term-archiv_events-fr\">\n                        Archive                    <\/button>\n                    <\/div>\n    <\/div>\n<\/div>\n\n<div class=\"isotope-grid\">\n    <article class=\"element-item row term-veranstaltungen-fr term-formation\">\n                <div class=\"col-lg-4 col-md-5 new_event_item\">\n                <div class=\"col_left_wrap new_text\">\n                                                                                <h4>Pr\u00e9-annonce<\/h4>                    <p>SEROMEA S\u00e9minaire romand de m\u00e9decine anthroposophique<\/p>\n<p>S\u00e9minaire sur les bases en m\u00e9decine anthroposophique :<br \/>\nQuel est le r\u00f4le de la m\u00e9decine anthroposophique dans le paysage m\u00e9dical hypersp\u00e9cialis\u00e9 en Suisse?<br \/>\nComment redonner un sens \u00e0 notre identit\u00e9 m\u00e9dicale?<br \/>\nNous pr\u00e9senterons les bases de cette m\u00e9decine et leurs applications, \u00e9labor\u00e9es il y a 100 ans et en d\u00e9veloppement permanent, ainsi que les substances con\u00e7ues \u00e0 partir de la nature, pour l\u2019homme et son environnement.<\/p>\n<p>Dates :<br \/>\ndu vendredi 23 au dimanche 25 octobre 2026<\/p>\n<p>Lieu :<br \/>\n\u00e0\u00a0l\u2019Aubier, Montezillon, pr\u00e8s de Neuch\u00e2tel<\/p>\n<p>Ce s\u00e9minaire est reconnu pour 12 cr\u00e9dits par la VAOAS.<\/p>\n<p>Informations et inscription par e-mail : info@vaoas.ch<\/p>\n                <\/div>\n            <\/div>\n            <div class=\"col-lg-7 col-lg-offset-1 col-md-7 new_event_item\">\n                <div class=\"new_wrap\">\n                    <img loading=\"lazy\" decoding=\"async\" width=\"605\" height=\"424\" src=\"https:\/\/vaoas.ch\/wp-content\/uploads\/2026\/03\/Bild2-Oct-2026.png\" class=\"attachment-post-thumbnail size-post-thumbnail wp-post-image\" alt=\"\" srcset=\"https:\/\/vaoas.ch\/wp-content\/uploads\/2026\/03\/Bild2-Oct-2026.png 605w, https:\/\/vaoas.ch\/wp-content\/uploads\/2026\/03\/Bild2-Oct-2026-300x210.png 300w\" sizes=\"auto, (max-width: 639px) 98vw, (max-width: 1199px) 64vw, 605px\" \/>                                            <div class=\"termine\">\n                            <span>A<\/span>\n                        <\/div>\n                                        <div class=\"caption_img\">\n                        <p class=\"paragraph_front\"><\/p>\n                    <\/div>\n                <\/div>\n            <\/div>\n            <div class=\"col-lg-4 col-md-5\">\n                <div class=\"btn_link_wrap\">\n                    <a href=\"https:\/\/vaoas.ch\/fr\/news\/pre-annonce\/\" class=\"btn_link\">\n                        Pour en savoir plus                    <\/a><!--Mehr erfahren-->\n                <\/div>\n            <\/div>\n        \n\n<\/article>\n    <\/div>\n\n<!--\n    <div class=\"row\">\n        <ul class=\"col-lg-12 pagination\" role=\"navigation\" aria-label=\"Pagination\">\n                       <li class=\"ellipsis\" aria-hidden=\"true\"><\/li>\n        <\/ul>\n    <\/div> pagination -->\n\n<\/div><\/div>\n","protected":false},"excerpt":{"rendered":"","protected":false},"author":1,"featured_media":0,"parent":0,"menu_order":0,"comment_status":"closed","ping_status":"closed","template":"","meta":{"_acf_changed":false,"footnotes":""},"class_list":["post-2891","page","type-page","status-publish","hentry"],"acf":[],"_links":{"self":[{"href":"https:\/\/vaoas.ch\/fr\/wp-json\/wp\/v2\/pages\/2891","targetHints":{"allow":["GET"]}}],"collection":[{"href":"https:\/\/vaoas.ch\/fr\/wp-json\/wp\/v2\/pages"}],"about":[{"href":"https:\/\/vaoas.ch\/fr\/wp-json\/wp\/v2\/types\/page"}],"author":[{"embeddable":true,"href":"https:\/\/vaoas.ch\/fr\/wp-json\/wp\/v2\/users\/1"}],"replies":[{"embeddable":true,"href":"https:\/\/vaoas.ch\/fr\/wp-json\/wp\/v2\/comments?post=2891"}],"version-history":[{"count":2,"href":"https:\/\/vaoas.ch\/fr\/wp-json\/wp\/v2\/pages\/2891\/revisions"}],"predecessor-version":[{"id":2898,"href":"https:\/\/vaoas.ch\/fr\/wp-json\/wp\/v2\/pages\/2891\/revisions\/2898"}],"wp:attachment":[{"href":"https:\/\/vaoas.ch\/fr\/wp-json\/wp\/v2\/media?parent=2891"}],"curies":[{"name":"wp","href":"https:\/\/api.w.org\/{rel}","templated":true}]}}